{"id":13,"date":"2024-11-11T21:41:16","date_gmt":"2024-11-11T21:41:16","guid":{"rendered":"https:\/\/concept.dev.mspot.se\/?page_id=13"},"modified":"2024-11-11T22:12:52","modified_gmt":"2024-11-11T22:12:52","slug":"varfor-deploysmart","status":"publish","type":"page","link":"https:\/\/concept.dev.mspot.se\/?page_id=13","title":{"rendered":"Varf\u00f6r DeploySmart?"},"content":{"rendered":"<div id=\"pl-13\"  class=\"panel-layout\" ><div id=\"pg-13-0\"  class=\"panel-grid panel-no-style\" ><div id=\"pgc-13-0-0\"  class=\"panel-grid-cell\" ><div id=\"panel-13-0-0-0\" class=\"widget_text so-panel widget widget_custom_html panel-first-child panel-last-child\" data-index=\"0\" ><h3 class=\"widget-title\">Mer info inom kort!<\/h3><div class=\"textwidget custom-html-widget\"><p>\n\tDeploy smart implementerar den smarta l\u00f6sningen f\u00f6r ditt f\u00f6retag, i ser till att dina datorer levereras med den mjukvara som ditt f\u00f6retag kr\u00e4ver.\n<\/p>\n\n<p>\n\tExempelvis F\u00f6retag A \u00e4r en arkitekt firma med 300 anst\u00e4llda, deras datorer byts ut med j\u00e4mna mellanrum f\u00f6r att h\u00e5lla takten med det \u00f6kande prestanda kravet av deras applikationer. N\u00e4r f\u00f6retaget best\u00e4ller dom sina datorer via upphandlad leverant\u00f6r a och f\u00e5r sitta en hel arbetsdag f\u00f6r att ens kunna se skrivbordet, f\u00f6ra \u00f6ver deras arbets s\u00e4tt och installera applikationer. Med DeploySmart som mellanhand levereras datorerna f\u00e4rdiga med dina handplockade applikationer. \n<\/p>\n\n<p>\n\tDeploySmart sparar ditt f\u00f6retag tid och pengar i form av upps\u00e4ttning till fast pris eller r\u00f6rligt pris beroende p\u00e5 m\u00e4ngden datorer per m\u00e5nad som beh\u00f6ver s\u00e4ttas upp.\n<\/p>\n\n<p>\n\t(Licenserad mjukvara kr\u00e4vs delning av licens till oss om inte annat s\u00e4tt kan ske f\u00f6r installation. OBS! Licenser lagras krypterade i s\u00e4kertf\u00f6rvar f\u00f6rknippade med f\u00f6retagets kund data och raderas i samband med avslutat avtal.) \n<\/p><\/div><\/div><\/div><\/div><\/div>","protected":false},"excerpt":{"rendered":"<p>Mer info inom kort! Deploy smart implementerar den smarta l\u00f6sningen f\u00f6r ditt f\u00f6retag, i ser till att dina datorer levereras med den mjukvara som ditt f\u00f6retag kr\u00e4ver. Exempelvis F\u00f6retag A \u00e4r en arkitekt firma med 300 anst\u00e4llda, deras datorer byts ut med j\u00e4mna mellanrum f\u00f6r att h\u00e5lla takten med det \u00f6kande prestanda kravet av deras<\/p>\n<p class=\"more-link\"><a href=\"https:\/\/concept.dev.mspot.se\/?page_id=13\" class=\"themebutton2\">Read More<\/a><\/p>\n","protected":false},"author":1,"featured_media":0,"parent":0,"menu_order":0,"comment_status":"closed","ping_status":"closed","template":"","meta":{"footnotes":""},"class_list":["post-13","page","type-page","status-publish","hentry"],"_links":{"self":[{"href":"https:\/\/concept.dev.mspot.se\/index.php?rest_route=\/wp\/v2\/pages\/13","targetHints":{"allow":["GET"]}}],"collection":[{"href":"https:\/\/concept.dev.mspot.se\/index.php?rest_route=\/wp\/v2\/pages"}],"about":[{"href":"https:\/\/concept.dev.mspot.se\/index.php?rest_route=\/wp\/v2\/types\/page"}],"author":[{"embeddable":true,"href":"https:\/\/concept.dev.mspot.se\/index.php?rest_route=\/wp\/v2\/users\/1"}],"replies":[{"embeddable":true,"href":"https:\/\/concept.dev.mspot.se\/index.php?rest_route=%2Fwp%2Fv2%2Fcomments&post=13"}],"version-history":[{"count":2,"href":"https:\/\/concept.dev.mspot.se\/index.php?rest_route=\/wp\/v2\/pages\/13\/revisions"}],"predecessor-version":[{"id":15,"href":"https:\/\/concept.dev.mspot.se\/index.php?rest_route=\/wp\/v2\/pages\/13\/revisions\/15"}],"wp:attachment":[{"href":"https:\/\/concept.dev.mspot.se\/index.php?rest_route=%2Fwp%2Fv2%2Fmedia&parent=13"}],"curies":[{"name":"wp","href":"https:\/\/api.w.org\/{rel}","templated":true}]}}